{"id":2050,"date":"2022-04-19T22:56:25","date_gmt":"2022-04-19T22:56:25","guid":{"rendered":"https:\/\/glancesideways.com\/?page_id=2050"},"modified":"2022-04-20T02:20:40","modified_gmt":"2022-04-20T02:20:40","slug":"zen-and-the-art-of-social-media","status":"publish","type":"page","link":"https:\/\/glancesideways.com\/index.php\/zen-and-the-art-of-social-media\/","title":{"rendered":"Zen and the Art of Social Media"},"content":{"rendered":"\t\t<div data-elementor-type=\"wp-page\" data-elementor-id=\"2050\" class=\"elementor elementor-2050\">\n\t\t\t\t\t\t\t\t\t<section class=\"elementor-section elementor-top-section elementor-element elementor-element-9feeb13 elementor-section-boxed elementor-section-height-default elementor-section-height-default\" data-id=\"9feeb13\" data-element_type=\"section\">\n\t\t\t\t\t\t<div class=\"elementor-container elementor-column-gap-default\">\n\t\t\t\t\t<div class=\"elementor-column elementor-col-100 elementor-top-column elementor-element elementor-element-7282584\" data-id=\"7282584\" data-element_type=\"column\">\n\t\t\t<div class=\"elementor-widget-wrap elementor-element-populated\">\n\t\t\t\t\t\t\t\t<div class=\"elementor-element elementor-element-b28e211 elementor-widget elementor-widget-image\" data-id=\"b28e211\" data-element_type=\"widget\" data-widget_type=\"image.default\">\n\t\t\t\t<div class=\"elementor-widget-container\">\n\t\t\t\t\t\t\t\t\t\t\t\t\t\t\t<img decoding=\"async\" src=\"https:\/\/glancesideways.com\/wp-content\/uploads\/2022\/04\/zenmind-min-2.jpg\" title=\"zenmind-min\" alt=\"zenmind-min\" loading=\"lazy\" \/>\t\t\t\t\t\t\t\t\t\t\t\t\t\t\t<\/div>\n\t\t\t\t<\/div>\n\t\t\t\t<div class=\"elementor-element elementor-element-6d4ea4a elementor-widget elementor-widget-text-editor\" data-id=\"6d4ea4a\" data-element_type=\"widget\" data-widget_type=\"text-editor.default\">\n\t\t\t\t<div class=\"elementor-widget-container\">\n\t\t\t\t\t\t\t<div id=\"p1454\" class=\"b51\"><strong><span id=\"s4079\"> \u015ar\u012b K\u1e5b\u1e63\u1e47a says,<\/span><\/strong><\/div><div>\u00a0<\/div><div id=\"p1455\" class=\"b60\"><span id=\"s4080\">t\u0101vaj jitendriyo na sy\u0101d vijit\u0101nyendriya\u1e25 pum\u0101n<br \/>na jayed rasana\u1e41 y\u0101vaj jita\u1e41 sarva\u1e41 jite rase<\/span><\/div><div>\u00a0<\/div><div style=\"text-align: right;\"><span id=\"s4079\"><strong><span class=\"e3\">~ \u015ar\u012bmad Bh\u0101gavatam<\/span> 11.8.21<\/strong> <\/span><\/div><div>\u00a0<\/div><div id=\"p1456\" class=\"b43\"><span id=\"s4081\">\u201cSomeone may be able to <span class=\"highlight\">control<\/span> their senses temporarily, but unless one can <span class=\"highlight\">control<\/span> one\u2019s <span class=\"highlight\">tongue<\/span> one has not truly conquered one\u2019s senses.\u201d<\/span><\/div>\t\t\t\t\t\t<\/div>\n\t\t\t\t<\/div>\n\t\t\t\t\t<\/div>\n\t\t<\/div>\n\t\t\t\t\t\t\t<\/div>\n\t\t<\/section>\n\t\t\t\t\t\t\t<\/div>\n\t\t","protected":false},"excerpt":{"rendered":"<p>\u015ar\u012b K\u1e5b\u1e63\u1e47a says,\u00a0t\u0101vaj jitendriyo na sy\u0101d vijit\u0101nyendriya\u1e25 pum\u0101nna jayed rasana\u1e41 y\u0101vaj jita\u1e41 sarva\u1e41 jite rase\u00a0~ \u015ar\u012bmad Bh\u0101gavatam 11.8.21 \u00a0\u201cSomeone may be able to control their senses temporarily, but unless one can control one\u2019s tongue one has not truly conquered one\u2019s senses.\u201d<\/p>\n","protected":false},"author":3,"featured_media":0,"parent":0,"menu_order":0,"comment_status":"closed","ping_status":"closed","template":"","meta":{"_eb_attr":"","footnotes":""},"_links":{"self":[{"href":"https:\/\/glancesideways.com\/index.php\/wp-json\/wp\/v2\/pages\/2050"}],"collection":[{"href":"https:\/\/glancesideways.com\/index.php\/wp-json\/wp\/v2\/pages"}],"about":[{"href":"https:\/\/glancesideways.com\/index.php\/wp-json\/wp\/v2\/types\/page"}],"author":[{"embeddable":true,"href":"https:\/\/glancesideways.com\/index.php\/wp-json\/wp\/v2\/users\/3"}],"replies":[{"embeddable":true,"href":"https:\/\/glancesideways.com\/index.php\/wp-json\/wp\/v2\/comments?post=2050"}],"version-history":[{"count":16,"href":"https:\/\/glancesideways.com\/index.php\/wp-json\/wp\/v2\/pages\/2050\/revisions"}],"predecessor-version":[{"id":2093,"href":"https:\/\/glancesideways.com\/index.php\/wp-json\/wp\/v2\/pages\/2050\/revisions\/2093"}],"wp:attachment":[{"href":"https:\/\/glancesideways.com\/index.php\/wp-json\/wp\/v2\/media?parent=2050"}],"curies":[{"name":"wp","href":"https:\/\/api.w.org\/{rel}","templated":true}]}}